{"id":9,"date":"2023-01-13T04:48:36","date_gmt":"2023-01-13T09:48:36","guid":{"rendered":"https:\/\/sobre.radiopax.org\/?page_id=9"},"modified":"2024-04-29T03:21:24","modified_gmt":"2024-04-29T07:21:24","slug":"sobre-nos","status":"publish","type":"page","link":"https:\/\/sobre.radiopax.org\/","title":{"rendered":"Sobre N\u00f3s"},"content":{"rendered":"<p><\/p>\n\n\n<\/p>\n<h2 class=\"wp-block-heading\" style=\"text-align: justify;\">R\u00e1dio PAX<br \/>promovendo a PAZ<\/h2>\n<p>\n\n\n\n<\/p>\n<p style=\"text-align: justify;\">A R\u00e1dio Pax foi fundada pelo primeiro Bispo da Beira, Dom Sebasti\u00e3o Soares de Resende em 04 de Outubro de 1954. \u00c9 uma institui\u00e7\u00e3o vocacionada em promover e valorizar actividades religiosas, educativas, culturais para a comunidade, atrav\u00e9s da r\u00e1dio a partir de uma comunicacao comprometida com a paz e com a verdade. \u00c9 propriedade da Arquidiocese da Beira, e basea-se na abordagem \u00e9tico-moral e religiosa da Igreja Cat\u00f3lica. Insere-se no conjunto da miss\u00e3o da Igreja Cat\u00f3lica, e tem por finalidade e objetivo a evangeliza\u00e7\u00e3o.<\/p>\n<p>\n\n\n\n<\/p>\n<p style=\"text-align: justify;\">A R\u00e1dio Pax, localiza-se na rua Correia de Brito 613, 3\u00ba bairro Ponta-G\u00ea na cidade da Beira, Provincia de Sofala. Uma peculiedade da r\u00e1dio, \u00e9 oferecer uma programa\u00e7\u00e3o em l\u00edngua local (Portugu\u00eas, Sena e Ndau), e pode ser ouvida na frequ\u00eancia 103.0 FM, e atualmente estamos\u00a0 nas plataformas digitais como o Facebook, Youtube e atrav\u00e9s da\u00a0R\u00e1dio Web. A\u00a0R\u00e1dio\u00a0Web\/Online pode ser ouvida atrav\u00e9s do link: <b style=\"color: var( --e-global-color-text ); font-family: var( --e-global-typography-text-font-family ), Sans-serif; font-size: var(--wp--preset--font-size--normal); background-color: var(--wp--preset--color--background);\"><i><u><a href=\"https:\/\/radiopax.org\/radio-online\">https:\/\/radiopax.org\/radio-online<\/a><\/u><\/i><\/b>.<\/p>\n<p>\n\n\n\n<\/p>\n<p>\n\n\n<p><\/p>","protected":false},"excerpt":{"rendered":"<p>R\u00e1dio PAXpromovendo a PAZ A R\u00e1dio Pax foi fundada pelo primeiro Bispo da Beira, Dom [&hellip;]<\/p>\n","protected":false},"author":1,"featured_media":0,"parent":0,"menu_order":0,"comment_status":"closed","ping_status":"closed","template":"","meta":{"_editorskit_title_hidden":false,"_editorskit_reading_time":1,"_editorskit_is_block_options_detached":false,"_editorskit_block_options_position":"{}"},"_links":{"self":[{"href":"https:\/\/sobre.radiopax.org\/index.php\/wp-json\/wp\/v2\/pages\/9"}],"collection":[{"href":"https:\/\/sobre.radiopax.org\/index.php\/wp-json\/wp\/v2\/pages"}],"about":[{"href":"https:\/\/sobre.radiopax.org\/index.php\/wp-json\/wp\/v2\/types\/page"}],"author":[{"embeddable":true,"href":"https:\/\/sobre.radiopax.org\/index.php\/wp-json\/wp\/v2\/users\/1"}],"replies":[{"embeddable":true,"href":"https:\/\/sobre.radiopax.org\/index.php\/wp-json\/wp\/v2\/comments?post=9"}],"version-history":[{"count":38,"href":"https:\/\/sobre.radiopax.org\/index.php\/wp-json\/wp\/v2\/pages\/9\/revisions"}],"predecessor-version":[{"id":254,"href":"https:\/\/sobre.radiopax.org\/index.php\/wp-json\/wp\/v2\/pages\/9\/revisions\/254"}],"wp:attachment":[{"href":"https:\/\/sobre.radiopax.org\/index.php\/wp-json\/wp\/v2\/media?parent=9"}],"curies":[{"name":"wp","href":"https:\/\/api.w.org\/{rel}","templated":true}]}}